{"id":6532,"date":"2021-07-11T19:15:49","date_gmt":"2021-07-11T16:15:49","guid":{"rendered":"https:\/\/www.hissdesign.com.tr\/?page_id=6532"},"modified":"2021-07-11T19:17:11","modified_gmt":"2021-07-11T16:17:11","slug":"contact","status":"publish","type":"page","link":"https:\/\/www.hissdesign.com.tr\/en\/contact\/","title":{"rendered":"Contact"},"content":{"rendered":"\t\t<div data-elementor-type=\"wp-page\" data-elementor-id=\"6532\" class=\"elementor elementor-6532\" data-elementor-settings=\"[]\">\n\t\t\t<div class=\"elementor-inner\">\n\t\t\t\t<div class=\"elementor-section-wrap\">\n\t\t\t\t\t\t\t<section class=\"elementor-element elementor-element-66ff871 elementor-section-boxed elementor-section-height-default elementor-section-height-default elementor-section elementor-top-section\" data-id=\"66ff871\" data-element_type=\"section\">\n\t\t\t\t\t\t<div class=\"elementor-container elementor-column-gap-default\">\n\t\t\t\t<div class=\"elementor-row\">\n\t\t\t\t<div class=\"elementor-element elementor-element-4c63880 elementor-column elementor-col-100 elementor-top-column\" data-id=\"4c63880\" data-element_type=\"column\">\n\t\t\t<div class=\"elementor-column-wrap  elementor-element-populated\">\n\t\t\t\t\t<div class=\"elementor-widget-wrap\">\n\t\t\t\t<div class=\"elementor-element elementor-element-eb45678 elementor-widget elementor-widget-google_maps\" data-id=\"eb45678\" data-element_type=\"widget\" data-widget_type=\"google_maps.default\">\n\t\t\t\t<div class=\"elementor-widget-container\">\n\t\t\t<div class=\"elementor-custom-embed\"><iframe frameborder=\"0\" scrolling=\"no\" marginheight=\"0\" marginwidth=\"0\" src=\"https:\/\/maps.google.com\/maps?q=39.960320%2C32.901618&amp;t=m&amp;z=17&amp;output=embed&amp;iwloc=near\" aria-label=\"39.960320,32.901618\"><\/iframe><\/div>\t\t<\/div>\n\t\t\t\t<\/div>\n\t\t\t\t\t\t<\/div>\n\t\t\t<\/div>\n\t\t<\/div>\n\t\t\t\t\t\t<\/div>\n\t\t\t<\/div>\n\t\t<\/section>\n\t\t\t\t<section class=\"elementor-element elementor-element-6c786a2 elementor-section-boxed elementor-section-height-default elementor-section-height-default elementor-section elementor-top-section\" data-id=\"6c786a2\" data-element_type=\"section\">\n\t\t\t\t\t\t<div class=\"elementor-container elementor-column-gap-default\">\n\t\t\t\t<div class=\"elementor-row\">\n\t\t\t\t<div class=\"elementor-element elementor-element-349e3a4 elementor-column elementor-col-100 elementor-top-column\" data-id=\"349e3a4\" data-element_type=\"column\">\n\t\t\t<div class=\"elementor-column-wrap  elementor-element-populated\">\n\t\t\t\t\t<div class=\"elementor-widget-wrap\">\n\t\t\t\t<section class=\"elementor-element elementor-element-49e53c2 elementor-section-boxed elementor-section-height-default elementor-section-height-default elementor-section elementor-inner-section\" data-id=\"49e53c2\" data-element_type=\"section\">\n\t\t\t\t\t\t<div class=\"elementor-container elementor-column-gap-default\">\n\t\t\t\t<div class=\"elementor-row\">\n\t\t\t\t<div class=\"elementor-element elementor-element-9162725 elementor-column elementor-col-50 elementor-inner-column\" data-id=\"9162725\" data-element_type=\"column\">\n\t\t\t<div class=\"elementor-column-wrap  elementor-element-populated\">\n\t\t\t\t\t<div class=\"elementor-widget-wrap\">\n\t\t\t\t<div class=\"elementor-element elementor-element-da35f0f elementor-widget elementor-widget-rt-animated-image\" data-id=\"da35f0f\" data-element_type=\"widget\" data-widget_type=\"rt-animated-image.default\">\n\t\t\t\t<div class=\"elementor-widget-container\">\n\t\t\t\n<div class=\"shutter-effect has-animation item-figure figure-left contact-info-img\">       \n    <img loading=\"lazy\" decoding=\"async\" width=\"750\" height=\"520\" src=\"https:\/\/www.hissdesign.com.tr\/wp-content\/uploads\/2021\/02\/contact-img.jpg\" class=\"attachment-full size-full\" alt=\"\" srcset=\"https:\/\/www.hissdesign.com.tr\/wp-content\/uploads\/2021\/02\/contact-img.jpg 750w, https:\/\/www.hissdesign.com.tr\/wp-content\/uploads\/2021\/02\/contact-img-300x208.jpg 300w, https:\/\/www.hissdesign.com.tr\/wp-content\/uploads\/2021\/02\/contact-img-220x154.jpg 220w, https:\/\/www.hissdesign.com.tr\/wp-content\/uploads\/2021\/02\/contact-img-600x416.jpg 600w\" sizes=\"auto, (max-width: 750px) 100vw, 750px\" \/><\/div>\n\t\t<\/div>\n\t\t\t\t<\/div>\n\t\t\t\t\t\t<\/div>\n\t\t\t<\/div>\n\t\t<\/div>\n\t\t\t\t<div class=\"elementor-element elementor-element-f1f7491 align-items-center elementor-column elementor-col-50 elementor-inner-column\" data-id=\"f1f7491\" data-element_type=\"column\" data-settings=\"{&quot;background_background&quot;:&quot;classic&quot;}\">\n\t\t\t<div class=\"elementor-column-wrap  elementor-element-populated\">\n\t\t\t\t\t<div class=\"elementor-widget-wrap\">\n\t\t\t\t<div class=\"elementor-element elementor-element-f6ea902 elementor-widget elementor-widget-rt-contact-box\" data-id=\"f6ea902\" data-element_type=\"widget\" data-widget_type=\"rt-contact-box.default\">\n\t\t\t\t<div class=\"elementor-widget-container\">\n\t\t\t<div class=\"contact-box-item\">\n        <h3 class=\"item-title\">Our Office<\/h3>\n        <p class=\"item-paragraph\">\n                    \u00d6nder Mahallesi Dolant\u0131 Caddesi No:10 Siteler Alt\u0131nda\u011f\/ANKARA\/TURKEY    <\/p>\n<\/div>\t\t<\/div>\n\t\t\t\t<\/div>\n\t\t\t\t<div class=\"elementor-element elementor-element-2ed12f9 elementor-widget elementor-widget-rt-contact-box\" data-id=\"2ed12f9\" data-element_type=\"widget\" data-widget_type=\"rt-contact-box.default\">\n\t\t\t\t<div class=\"elementor-widget-container\">\n\t\t\t<div class=\"contact-box-item\">\n        <p class=\"item-paragraph\">\n                                    <i class=\"fas fa-phone-volume\"><\/i>\n                    <\/p>\n<\/div>\t\t<\/div>\n\t\t\t\t<\/div>\n\t\t\t\t<div class=\"elementor-element elementor-element-8001bd2 elementor-widget elementor-widget-rt-contact-box\" data-id=\"8001bd2\" data-element_type=\"widget\" data-widget_type=\"rt-contact-box.default\">\n\t\t\t\t<div class=\"elementor-widget-container\">\n\t\t\t<div class=\"contact-box-item\">\n        <p class=\"item-paragraph\">\n                    <span>Email:<\/span> <a href=\"mailto:info@hissdesign.com.tr\">info@hissdesign.com.tr<\/a>    <\/p>\n<\/div>\t\t<\/div>\n\t\t\t\t<\/div>\n\t\t\t\t\t\t<\/div>\n\t\t\t<\/div>\n\t\t<\/div>\n\t\t\t\t\t\t<\/div>\n\t\t\t<\/div>\n\t\t<\/section>\n\t\t\t\t\t\t<\/div>\n\t\t\t<\/div>\n\t\t<\/div>\n\t\t\t\t\t\t<\/div>\n\t\t\t<\/div>\n\t\t<\/section>\n\t\t\t\t<section class=\"elementor-element elementor-element-f06db9b elementor-section-boxed elementor-section-height-default elementor-section-height-default elementor-section elementor-top-section\" data-id=\"f06db9b\" data-element_type=\"section\">\n\t\t\t\t\t\t<div class=\"elementor-container elementor-column-gap-default\">\n\t\t\t\t<div class=\"elementor-row\">\n\t\t\t\t<div class=\"elementor-element elementor-element-f6b803d elementor-column elementor-col-100 elementor-top-column\" data-id=\"f6b803d\" data-element_type=\"column\">\n\t\t\t<div class=\"elementor-column-wrap  elementor-element-populated\">\n\t\t\t\t\t<div class=\"elementor-widget-wrap\">\n\t\t\t\t<div class=\"elementor-element elementor-element-3a48307 elementor-widget elementor-widget-rt-title\" data-id=\"3a48307\" data-element_type=\"widget\" data-widget_type=\"rt-title.default\">\n\t\t\t\t<div class=\"elementor-widget-container\">\n\t\t\t\n<div class=\"section-heading\">\n\t<h3  class=\"section-title align-center\">Contact Us<\/h3><\/div>\t\t<\/div>\n\t\t\t\t<\/div>\n\t\t\t\t<div class=\"elementor-element elementor-element-445335f elementor-widget elementor-widget-shortcode\" data-id=\"445335f\" data-element_type=\"widget\" data-widget_type=\"shortcode.default\">\n\t\t\t\t<div class=\"elementor-widget-container\">\n\t\t\t\t\t<div class=\"elementor-shortcode\">\n<div class=\"wpcf7 no-js\" id=\"wpcf7-f2372-o1\" lang=\"en-US\" dir=\"ltr\">\n<div class=\"screen-reader-response\"><p role=\"status\" aria-live=\"polite\" aria-atomic=\"true\"><\/p> <ul><\/ul><\/div>\n<form action=\"\/en\/wp-json\/wp\/v2\/pages\/6532#wpcf7-f2372-o1\" method=\"post\" class=\"wpcf7-form init\" aria-label=\"Contact form\" novalidate=\"novalidate\" data-status=\"init\">\n<div style=\"display: none;\">\n<input type=\"hidden\" name=\"_wpcf7\" value=\"2372\" \/>\n<input type=\"hidden\" name=\"_wpcf7_version\" value=\"5.8.1\" \/>\n<input type=\"hidden\" name=\"_wpcf7_locale\" value=\"en_US\" \/>\n<input type=\"hidden\" name=\"_wpcf7_unit_tag\" value=\"wpcf7-f2372-o1\" \/>\n<input type=\"hidden\" name=\"_wpcf7_container_post\" value=\"0\" \/>\n<input type=\"hidden\" name=\"_wpcf7_posted_data_hash\" value=\"\" \/>\n<\/div>\n<div class=\"contact-layout1\">\n\t<div class=\"item-content\">\n\t\t<div class=\"row\">\n\t\t\t<div class=\"col-lg-6 form-group\">\n\t\t\t\t<p><span class=\"wpcf7-form-control-wrap\" data-name=\"your-name\"><input size=\"40\" class=\"wpcf7-form-control wpcf7-text wpcf7-validates-as-required form-control\" aria-required=\"true\" aria-invalid=\"false\" placeholder=\"Name\" value=\"\" type=\"text\" name=\"your-name\" \/><\/span>\n\t\t\t\t<\/p>\n\t\t\t<\/div>\n\t\t\t<div class=\"col-lg-6 form-group\">\n\t\t\t\t<p><span class=\"wpcf7-form-control-wrap\" data-name=\"your-phone\"><input size=\"40\" class=\"wpcf7-form-control wpcf7-text wpcf7-validates-as-required form-control\" aria-required=\"true\" aria-invalid=\"false\" placeholder=\"Phone\" value=\"\" type=\"text\" name=\"your-phone\" \/><\/span>\n\t\t\t\t<\/p>\n\t\t\t<\/div>\n\t\t\t<div class=\"col-lg-12 form-group\">\n\t\t\t\t<p><span class=\"wpcf7-form-control-wrap\" data-name=\"your-email\"><input size=\"40\" class=\"wpcf7-form-control wpcf7-email wpcf7-validates-as-required wpcf7-text wpcf7-validates-as-email form-control\" aria-required=\"true\" aria-invalid=\"false\" placeholder=\"Your Email\" value=\"\" type=\"email\" name=\"your-email\" \/><\/span>\n\t\t\t\t<\/p>\n\t\t\t<\/div>\n\t\t\t<div class=\"col-12 form-group\">\n\t\t\t\t<p><span class=\"wpcf7-form-control-wrap\" data-name=\"your-message\"><textarea cols=\"40\" rows=\"5\" class=\"wpcf7-form-control wpcf7-textarea wpcf7-validates-as-required form-control\" aria-required=\"true\" aria-invalid=\"false\" placeholder=\"Comment *\" name=\"your-message\"><\/textarea><\/span>\n\t\t\t\t<\/p>\n\t\t\t<\/div>\n\t\t\t<div class=\"col-12 form-group mb-0\">\n\t\t\t\t<p><button type=\"submit\" class=\"btn-text disabled\"><span class=\"top-left\"><\/span><span class=\"bottom-right\"><\/span>Send Message<\/button>\n\t\t\t\t<\/p>\n\t\t\t<\/div>\n\t\t<\/div>\n\t<\/div>\n<\/div><div class=\"wpcf7-response-output\" aria-hidden=\"true\"><\/div>\n<\/form>\n<\/div>\n<\/div>\n\t\t\t\t<\/div>\n\t\t\t\t<\/div>\n\t\t\t\t\t\t<\/div>\n\t\t\t<\/div>\n\t\t<\/div>\n\t\t\t\t\t\t<\/div>\n\t\t\t<\/div>\n\t\t<\/section>\n\t\t\t\t\t\t<\/div>\n\t\t\t<\/div>\n\t\t<\/div>\n\t\t","protected":false},"excerpt":{"rendered":"<p>Our Office \u00d6nder Mahallesi Dolant\u0131 Caddesi No:10 Siteler Alt\u0131nda\u011f\/ANKARA\/TURKEY Email: info@hissdesign.com.tr Contact Us<\/p>\n","protected":false},"author":2,"featured_media":0,"parent":0,"menu_order":0,"comment_status":"closed","ping_status":"closed","template":"templates\/blank.php","meta":{"footnotes":""},"class_list":["post-6532","page","type-page","status-publish","hentry"],"aioseo_notices":[],"_links":{"self":[{"href":"https:\/\/www.hissdesign.com.tr\/en\/wp-json\/wp\/v2\/pages\/6532","targetHints":{"allow":["GET"]}}],"collection":[{"href":"https:\/\/www.hissdesign.com.tr\/en\/wp-json\/wp\/v2\/pages"}],"about":[{"href":"https:\/\/www.hissdesign.com.tr\/en\/wp-json\/wp\/v2\/types\/page"}],"author":[{"embeddable":true,"href":"https:\/\/www.hissdesign.com.tr\/en\/wp-json\/wp\/v2\/users\/2"}],"replies":[{"embeddable":true,"href":"https:\/\/www.hissdesign.com.tr\/en\/wp-json\/wp\/v2\/comments?post=6532"}],"version-history":[{"count":8,"href":"https:\/\/www.hissdesign.com.tr\/en\/wp-json\/wp\/v2\/pages\/6532\/revisions"}],"predecessor-version":[{"id":6540,"href":"https:\/\/www.hissdesign.com.tr\/en\/wp-json\/wp\/v2\/pages\/6532\/revisions\/6540"}],"wp:attachment":[{"href":"https:\/\/www.hissdesign.com.tr\/en\/wp-json\/wp\/v2\/media?parent=6532"}],"curies":[{"name":"wp","href":"https:\/\/api.w.org\/{rel}","templated":true}]}}